{"id":36,"date":"2015-06-03T22:35:14","date_gmt":"2015-06-03T20:35:14","guid":{"rendered":"http:\/\/klokkarvik.norplex.demo1.no\/?page_id=36"},"modified":"2015-10-08T13:44:09","modified_gmt":"2015-10-08T11:44:09","slug":"om-klokkarvik","status":"publish","type":"page","link":"https:\/\/www.klokkarvik.no\/?page_id=36","title":{"rendered":"Om Klokkarvik"},"content":{"rendered":"<p>Litt om Klokkarvik:<\/p>\n<p>Klokkarvik er i Sund Kommune p\u00e5 Sotra, ca 40 minutter med bil fra Bergen. Fra Klokkarvik g\u00e5r det ferje over til Hjellestad, via \u00f8yene Ler\u00f8y og Bjelkar\u00f8y som sokner til skulen og kyrkja. For fakta om kommunen kan du <a href=\"https:\/\/www.sund.kommune.no\/artikkel.aspx?MId1=1645&amp;AId=1082\" target=\"_blank\">sj\u00e5 p\u00e5 denne linken.<\/a><\/p>\n<p>&nbsp;<\/p>\n<p><a href=\"http:\/\/klokkarvik.no\/wp-content\/uploads\/2015\/06\/hammarslands-hus.jpg\"><img loading=\"lazy\" decoding=\"async\" class=\"wp-image-154 alignleft\" src=\"http:\/\/klokkarvik.no\/wp-content\/uploads\/2015\/06\/hammarslands-hus.jpg\" alt=\"hammarslands-hus\" width=\"337\" height=\"450\" srcset=\"https:\/\/www.klokkarvik.no\/wp-content\/uploads\/2015\/06\/hammarslands-hus.jpg 600w, https:\/\/www.klokkarvik.no\/wp-content\/uploads\/2015\/06\/hammarslands-hus-225x300.jpg 225w\" sizes=\"auto, (max-width: 337px) 100vw, 337px\" \/><\/a><\/p>\n<p>Bygda ligg idyllisk til ved innseilinga mot Bergen. Fleire stader er utsikten fantastisk, med utsyn mot byfjella, Folgefonna, Stord, Austevoll, Tysnes for \u00e5 nevne noko. Om sommaren er det popul\u00e6rt \u00e5 dra over i &laquo;\u00f8yene&raquo; og bade. Mange av dei gamle kyrkjevegane er oppmerka dei seinare \u00e5ra, og innbyr til eit fantastisk flott turterreng. Siden innseilinga mot s\u00f8r og vest kjem inn via Korsfjorden og gjennom Ler\u00f8yosen, kan ein i sommarhalv\u00e5ret sj\u00e5 dei store turistb\u00e5tane gli forbi tett innp\u00e5 land. Fr\u00e5 Klokkarvik er det 7 km til kommunesenteret, med butikkar, post, bank, bensinstasjoner, bilverkstader og meir. Skulen ligg midt i bygda, der ein ogs\u00e5 har Grendahus for heile skulekrinsen.<\/p>\n<p>Ved \u00e5 <a href=\"http:\/\/kart.gulesider.no\/m\/9MRhl\" target=\"_blank\">bes\u00f8ka denne linken<\/a> hos <a href=\"http:\/\/www.gulesider.no\/\" target=\"_blank\">Gulesider<\/a> kan du sj\u00e5 p\u00e5 kartet kor Klokkarvik er.<\/p>\n","protected":false},"excerpt":{"rendered":"<p>Litt om Klokkarvik: Klokkarvik er i Sund Kommune p\u00e5 Sotra, ca 40 minutter med bil fra Bergen. Fra Klokkarvik g\u00e5r det ferje over til Hjellestad, &hellip; <\/p>\n","protected":false},"author":2,"featured_media":0,"parent":14,"menu_order":2,"comment_status":"closed","ping_status":"closed","template":"","meta":{"footnotes":""},"class_list":["post-36","page","type-page","status-publish","hentry"],"publishpress_future_action":{"enabled":false,"date":"2026-04-11 09:03:12","action":"change-status","newStatus":"draft","terms":[],"taxonomy":"","extraData":[]},"publishpress_future_workflow_manual_trigger":{"enabledWorkflows":[]},"_links":{"self":[{"href":"https:\/\/www.klokkarvik.no\/index.php?rest_route=\/wp\/v2\/pages\/36","targetHints":{"allow":["GET"]}}],"collection":[{"href":"https:\/\/www.klokkarvik.no\/index.php?rest_route=\/wp\/v2\/pages"}],"about":[{"href":"https:\/\/www.klokkarvik.no\/index.php?rest_route=\/wp\/v2\/types\/page"}],"author":[{"embeddable":true,"href":"https:\/\/www.klokkarvik.no\/index.php?rest_route=\/wp\/v2\/users\/2"}],"replies":[{"embeddable":true,"href":"https:\/\/www.klokkarvik.no\/index.php?rest_route=%2Fwp%2Fv2%2Fcomments&post=36"}],"version-history":[{"count":5,"href":"https:\/\/www.klokkarvik.no\/index.php?rest_route=\/wp\/v2\/pages\/36\/revisions"}],"predecessor-version":[{"id":312,"href":"https:\/\/www.klokkarvik.no\/index.php?rest_route=\/wp\/v2\/pages\/36\/revisions\/312"}],"up":[{"embeddable":true,"href":"https:\/\/www.klokkarvik.no\/index.php?rest_route=\/wp\/v2\/pages\/14"}],"wp:attachment":[{"href":"https:\/\/www.klokkarvik.no\/index.php?rest_route=%2Fwp%2Fv2%2Fmedia&parent=36"}],"curies":[{"name":"wp","href":"https:\/\/api.w.org\/{rel}","templated":true}]}}