{"id":220,"date":"2015-06-07T20:22:52","date_gmt":"2015-06-07T18:22:52","guid":{"rendered":"http:\/\/klokkarvik.norplex.demo1.no\/?page_id=220"},"modified":"2022-11-30T19:27:32","modified_gmt":"2022-11-30T18:27:32","slug":"angrepet-pa-bergen","status":"publish","type":"page","link":"https:\/\/www.klokkarvik.no\/?page_id=220","title":{"rendered":"Angrepet p\u00e5 Bergen"},"content":{"rendered":"<p>Disse artiklene har vi publisert f\u00f8r p\u00e5 de gamle sidene til Klokkarvik. Men under oppgradering falt de ut, men er n\u00e5 &laquo;hentet inn igjen&raquo;. Under angrepet p\u00e5 Bergen 8. april og 9. april var det plassert marinefart\u00f8y p\u00e5 Klokkarvik, blant annet KNM Tyr. Om du er interessert i lokal krigshistorie kan du lese meir om angrepet p\u00e5 Bergen p\u00e5 desse lenkene:<\/p>\n<ul>\n<li><a href=\"https:\/\/www.bt.no\/nyheter\/innenriks\/i\/yg7Pr\/vaktmesteren-som-skulle-stoppe-tyskerne\" target=\"_blank\" rel=\"noopener\">Vaktmesteren som skulle stoppe tyskerne<\/a><\/li>\n<li><a href=\"http:\/\/www.9april1940.org\/html\/raporter\/storm.html\" target=\"_blank\" rel=\"noopener\">Angrepet p\u00e5 Bergen festning &#8211; Rapport fra sjefen p\u00e5 torpedob\u00e5ten Storm<\/a><\/li>\n<\/ul>\n<p>&nbsp;<\/p>\n<figure id=\"attachment_221\" aria-describedby=\"caption-attachment-221\" style=\"width: 278px\" class=\"wp-caption alignnone\"><a href=\"http:\/\/klokkarvik.norplex.demo1.no\/wp-content\/uploads\/2015\/06\/leroy-fort.jpg\"><img loading=\"lazy\" decoding=\"async\" class=\"size-full wp-image-221\" src=\"http:\/\/klokkarvik.norplex.demo1.no\/wp-content\/uploads\/2015\/06\/leroy-fort.jpg\" alt=\"bilde fr\u00e5 www.daria.no\" width=\"278\" height=\"182\" \/><\/a><figcaption id=\"caption-attachment-221\" class=\"wp-caption-text\">bilde fr\u00e5 www.daria.no<\/figcaption><\/figure>\n","protected":false},"excerpt":{"rendered":"<p>Disse artiklene har vi publisert f\u00f8r p\u00e5 de gamle sidene til Klokkarvik. Men under oppgradering falt de ut, men er n\u00e5 &laquo;hentet inn igjen&raquo;. Under &hellip; <\/p>\n","protected":false},"author":2,"featured_media":0,"parent":90,"menu_order":14,"comment_status":"closed","ping_status":"closed","template":"","meta":{"footnotes":""},"class_list":["post-220","page","type-page","status-publish","hentry"],"publishpress_future_action":{"enabled":false,"date":"2026-05-15 13:34:44","action":"change-status","newStatus":"draft","terms":[],"taxonomy":"","extraData":[]},"publishpress_future_workflow_manual_trigger":{"enabledWorkflows":[]},"_links":{"self":[{"href":"https:\/\/www.klokkarvik.no\/index.php?rest_route=\/wp\/v2\/pages\/220","targetHints":{"allow":["GET"]}}],"collection":[{"href":"https:\/\/www.klokkarvik.no\/index.php?rest_route=\/wp\/v2\/pages"}],"about":[{"href":"https:\/\/www.klokkarvik.no\/index.php?rest_route=\/wp\/v2\/types\/page"}],"author":[{"embeddable":true,"href":"https:\/\/www.klokkarvik.no\/index.php?rest_route=\/wp\/v2\/users\/2"}],"replies":[{"embeddable":true,"href":"https:\/\/www.klokkarvik.no\/index.php?rest_route=%2Fwp%2Fv2%2Fcomments&post=220"}],"version-history":[{"count":5,"href":"https:\/\/www.klokkarvik.no\/index.php?rest_route=\/wp\/v2\/pages\/220\/revisions"}],"predecessor-version":[{"id":1363,"href":"https:\/\/www.klokkarvik.no\/index.php?rest_route=\/wp\/v2\/pages\/220\/revisions\/1363"}],"up":[{"embeddable":true,"href":"https:\/\/www.klokkarvik.no\/index.php?rest_route=\/wp\/v2\/pages\/90"}],"wp:attachment":[{"href":"https:\/\/www.klokkarvik.no\/index.php?rest_route=%2Fwp%2Fv2%2Fmedia&parent=220"}],"curies":[{"name":"wp","href":"https:\/\/api.w.org\/{rel}","templated":true}]}}